{"id":1318,"date":"2023-11-28T18:21:00","date_gmt":"2023-11-28T17:21:00","guid":{"rendered":"https:\/\/schodyrys.pl\/?page_id=1318"},"modified":"2023-12-25T21:35:18","modified_gmt":"2023-12-25T20:35:18","slug":"home","status":"publish","type":"page","link":"https:\/\/schodyrys.pl\/","title":{"rendered":"Home"},"content":{"rendered":"\n<p>Nasza firma istnieje od 1995r. w tym czasie realizowali\u015bmy wiele wymagaj\u0105cych projekt\u00f3w w kraju i za granic\u0105.<\/p>\n","protected":false},"excerpt":{"rendered":"<p>Nasza firma istnieje od 1995r. w tym czasie realizowali\u015bmy wiele wymagaj\u0105cych projekt\u00f3w w kraju i za granic\u0105.<\/p>\n","protected":false},"author":1,"featured_media":0,"parent":0,"menu_order":0,"comment_status":"closed","ping_status":"closed","template":"","meta":{"footnotes":""},"class_list":["post-1318","page","type-page","status-publish","hentry"],"_links":{"self":[{"href":"https:\/\/schodyrys.pl\/index.php?rest_route=\/wp\/v2\/pages\/1318","targetHints":{"allow":["GET"]}}],"collection":[{"href":"https:\/\/schodyrys.pl\/index.php?rest_route=\/wp\/v2\/pages"}],"about":[{"href":"https:\/\/schodyrys.pl\/index.php?rest_route=\/wp\/v2\/types\/page"}],"author":[{"embeddable":true,"href":"https:\/\/schodyrys.pl\/index.php?rest_route=\/wp\/v2\/users\/1"}],"replies":[{"embeddable":true,"href":"https:\/\/schodyrys.pl\/index.php?rest_route=%2Fwp%2Fv2%2Fcomments&post=1318"}],"version-history":[{"count":19,"href":"https:\/\/schodyrys.pl\/index.php?rest_route=\/wp\/v2\/pages\/1318\/revisions"}],"predecessor-version":[{"id":1457,"href":"https:\/\/schodyrys.pl\/index.php?rest_route=\/wp\/v2\/pages\/1318\/revisions\/1457"}],"wp:attachment":[{"href":"https:\/\/schodyrys.pl\/index.php?rest_route=%2Fwp%2Fv2%2Fmedia&parent=1318"}],"curies":[{"name":"wp","href":"https:\/\/api.w.org\/{rel}","templated":true}]}}