{"id":1420,"date":"2023-12-25T21:11:22","date_gmt":"2023-12-25T20:11:22","guid":{"rendered":"https:\/\/schodyrys.pl\/?page_id=1420"},"modified":"2023-12-25T21:16:46","modified_gmt":"2023-12-25T20:16:46","slug":"schody-rys-oferuje","status":"publish","type":"page","link":"https:\/\/schodyrys.pl\/?page_id=1420","title":{"rendered":"Schody Ry\u015b oferuje"},"content":{"rendered":"\n<p>wykonanie wedle zam\u00f3wienia klienta oraz monta\u017c.<\/p>\n\n\n\n<p>Wykonujemy r\u00f3\u017cnego rodzaju schody:<\/p>\n\n\n\n<p>&#8211; Schody drewniane<\/p>\n\n\n\n<p>&#8211; Schody dywanowe<\/p>\n\n\n\n<p>&#8211; Schody tradycyjne<\/p>\n\n\n\n<p>&#8211; Schody samono\u015bne<\/p>\n\n\n\n<p>&#8211; Barierki (drewniane, szklane, po\u0142\u0105czenie stal nierdzewna z drewnem oraz barierki kute&nbsp;)<\/p>\n\n\n\n<p>Wykonujemy r\u00f3\u017cnego rodzaju drzwi:<\/p>\n\n\n\n<p>-Drzwi bezprzylgowe z ukrytymi zawiasami<\/p>\n\n\n\n<p>-Drzwi tradycyjne r\u00f3\u017cne wzory oraz kolory<\/p>\n\n\n\n<p>-Drzwi z zamkiem magnetycznym<\/p>\n\n\n\n<p>&#8211; Oferujemy r\u00f3wnie\u017c:<\/p>\n\n\n\n<p>&#8211; Uk\u0142adanie deski parkietowej<\/p>\n\n\n\n<p>&#8211; Inne us\u0142ugi stolarskie<\/p>\n","protected":false},"excerpt":{"rendered":"<p>wykonanie wedle zam\u00f3wienia klienta oraz monta\u017c. Wykonujemy r\u00f3\u017cnego rodzaju schody: &#8211; Schody drewniane &#8211; Schody dywanowe &#8211; Schody tradycyjne &#8211; Schody samono\u015bne &#8211; Barierki (drewniane, szklane, po\u0142\u0105czenie stal nierdzewna z drewnem oraz barierki kute&nbsp;) Wykonujemy r\u00f3\u017cnego rodzaju drzwi: -Drzwi bezprzylgowe z ukrytymi zawiasami -Drzwi tradycyjne r\u00f3\u017cne wzory oraz kolory -Drzwi z zamkiem magnetycznym &#8211; Oferujemy &hellip; <\/p>\n<p class=\"link-more\"><a href=\"https:\/\/schodyrys.pl\/?page_id=1420\" class=\"more-link\">Czytaj dalej<span class=\"screen-reader-text\"> \u201eSchody Ry\u015b oferuje\u201d<\/span><\/a><\/p>\n","protected":false},"author":1,"featured_media":1384,"parent":0,"menu_order":0,"comment_status":"closed","ping_status":"closed","template":"","meta":{"footnotes":""},"class_list":["post-1420","page","type-page","status-publish","has-post-thumbnail","hentry"],"_links":{"self":[{"href":"https:\/\/schodyrys.pl\/index.php?rest_route=\/wp\/v2\/pages\/1420","targetHints":{"allow":["GET"]}}],"collection":[{"href":"https:\/\/schodyrys.pl\/index.php?rest_route=\/wp\/v2\/pages"}],"about":[{"href":"https:\/\/schodyrys.pl\/index.php?rest_route=\/wp\/v2\/types\/page"}],"author":[{"embeddable":true,"href":"https:\/\/schodyrys.pl\/index.php?rest_route=\/wp\/v2\/users\/1"}],"replies":[{"embeddable":true,"href":"https:\/\/schodyrys.pl\/index.php?rest_route=%2Fwp%2Fv2%2Fcomments&post=1420"}],"version-history":[{"count":2,"href":"https:\/\/schodyrys.pl\/index.php?rest_route=\/wp\/v2\/pages\/1420\/revisions"}],"predecessor-version":[{"id":1422,"href":"https:\/\/schodyrys.pl\/index.php?rest_route=\/wp\/v2\/pages\/1420\/revisions\/1422"}],"wp:featuredmedia":[{"embeddable":true,"href":"https:\/\/schodyrys.pl\/index.php?rest_route=\/wp\/v2\/media\/1384"}],"wp:attachment":[{"href":"https:\/\/schodyrys.pl\/index.php?rest_route=%2Fwp%2Fv2%2Fmedia&parent=1420"}],"curies":[{"name":"wp","href":"https:\/\/api.w.org\/{rel}","templated":true}]}}